{"id":3054,"date":"2025-11-06T12:58:05","date_gmt":"2025-11-06T12:58:05","guid":{"rendered":"https:\/\/vogueiparrucchieri.it\/home\/"},"modified":"2022-11-15T08:21:25","modified_gmt":"2022-11-15T08:21:25","slug":"home","status":"publish","type":"page","link":"https:\/\/vogueiparrucchieri.it\/en\/","title":{"rendered":"Home"},"content":{"rendered":"<h1>Andrea Viglietti Parrucchieri<\/h1>\n<p><img decoding=\"async\" src=\"https:\/\/vogueiparrucchieri.it\/wp-content\/uploads\/revslider\/barber2\/home_barber2_slider_sep.png\" alt=\"\" \/><br \/>\ncenter<br \/>\nno-repeat;left top;;<br \/>\nauto<br \/>\nfadeInLeft<\/p>\n<p><img decoding=\"async\" src=\"https:\/\/vogueiparrucchieri.it\/wp-content\/uploads\/2021\/01\/1.jpg\" alt=\"1\" \/><br \/>\ncenter<\/p>\n<p>Box<br \/>\n<div class=\"image_frame image_item no_link scale-with-grid element_classes alignnone no_border mfn-img-box\" ><div class=\"image_wrapper\"><img decoding=\"async\" class=\"scale-with-grid\" src=\"\" fetchpriority=\"high\" alt=\"\" title=\"\" width=\"\" height=\"\" style=\"\"\/><\/div><\/div>\n<\/p>\n<hr class=\"no_line\" style=\"margin: 0 auto 0px auto\"\/>\n\n<h2>Andrea Viglietti Parrucchieri<\/h2>\n<hr class=\"no_line\" style=\"margin: 0 auto 0px auto\"\/>\n\n<div class=\"image_frame image_item no_link scale-with-grid element_classes alignnone no_border mfn-img-box\" ><div class=\"image_wrapper\"><img decoding=\"async\" class=\"scale-with-grid\" src=\"\" fetchpriority=\"high\" alt=\"\" title=\"\" width=\"\" height=\"\" style=\"\"\/><\/div><\/div>\n\n<hr class=\"no_line\" style=\"margin: 0 auto 0px auto\"\/>\n\n<p>Il salone di parrucchiere di Andrea Viglietti Parrucchieri si caratterizza per offrire alla propria clientela un servizio all-inclusive compreso di trattamenti estetici per i capelli e per il corpo grazie alla presenza di esperte estetiste. I prodotti usati sono il frutto di ricerche del settore tra i migliori promossi al fine di garantire un capello resistente, morbido e luminoso.<\/p>\n<p>Siamo salon locator GHD E CENTRO DEGRAD\u00c8 JOELLE<\/p>\n<hr class=\"no_line\" style=\"margin: 0 auto 0px auto\"\/>\n\n<p><a href=\"https:\/\/vogueiparrucchieri.it\/chi-siamo\/\">Su di noi<\/a><br \/>\ncenter<br \/>\nno-repeat;center top;;<br \/>\nauto<\/p>\n<p><img decoding=\"async\" src=\"https:\/\/vogueiparrucchieri.it\/wp-content\/uploads\/2021\/01\/2.jpg\" alt=\"2\" \/><br \/>\ncenter<\/p>\n<p>Testimonials<br \/>\n<div class=\"image_frame image_item no_link scale-with-grid element_classes alignnone no_border mfn-img-box\" ><div class=\"image_wrapper\"><img decoding=\"async\" class=\"scale-with-grid\" src=\"\" fetchpriority=\"high\" alt=\"\" title=\"\" width=\"\" height=\"\" style=\"\"\/><\/div><\/div>\n<\/p>\n<hr class=\"no_line\" style=\"margin: 0 auto 0px auto\"\/>\n\n<h4>\u201cLo staff \u00e8 composto da professionisti alla continua ricerca dei trattamenti migliori, ogni componente dello staff \u00e8 formato e sottoposto a continui corsi di aggiornamento per offrire alla clientela soluzioni sempre pi\u00f9 innovative.\u201d<\/h4>\n<hr class=\"no_line\" style=\"margin: 0 auto 0px auto\"\/>\n\n<div class=\"image_frame image_item no_link scale-with-grid element_classes alignnone no_border mfn-img-box\" ><div class=\"image_wrapper\"><img decoding=\"async\" class=\"scale-with-grid\" src=\"\" fetchpriority=\"high\" alt=\"\" title=\"\" width=\"\" height=\"\" style=\"\"\/><\/div><\/div>\n\n<p><hr class=\"no_line\" style=\"margin: 0 auto 0px auto\"\/>\n<br \/>\ncenter<br \/>\nno-repeat;center top;;<br \/>\nauto<\/p>\n<p>Box<br \/>\n<div class=\"image_frame image_item no_link scale-with-grid element_classes alignnone no_border mfn-img-box\" ><div class=\"image_wrapper\"><img decoding=\"async\" class=\"scale-with-grid\" src=\"\" fetchpriority=\"high\" alt=\"\" title=\"\" width=\"\" height=\"\" style=\"\"\/><\/div><\/div>\n<\/p>\n<hr class=\"no_line\" style=\"margin: 0 auto 0px auto\"\/>\n\n<h4>Professionalit\u00e0<\/h4>\n<p>center<br \/>\n#f3efec<br \/>\nno-repeat;center top;;<br \/>\nauto<br \/>\n70px 0px 55px<br \/>\nborder-top: 4px solid #48487F; border-bottom: 4px solid #48487F;<\/p>\n<p>Box<br \/>\n<div class=\"image_frame image_item no_link scale-with-grid element_classes alignnone no_border mfn-img-box\" ><div class=\"image_wrapper\"><img decoding=\"async\" class=\"scale-with-grid\" src=\"\" fetchpriority=\"high\" alt=\"\" title=\"\" width=\"\" height=\"\" style=\"\"\/><\/div><\/div>\n<\/p>\n<hr class=\"no_line\" style=\"margin: 0 auto 0px auto\"\/>\n\n<h4>Esperienza<\/h4>\n<p>center<br \/>\n#f3efec<br \/>\nno-repeat;center top;;<br \/>\nauto<br \/>\n70px 0px 55px<br \/>\nborder-top: 4px solid #48487F; border-bottom: 4px solid #48487F;<\/p>\n<p>Box<br \/>\n<div class=\"image_frame image_item no_link scale-with-grid element_classes alignnone no_border mfn-img-box\" ><div class=\"image_wrapper\"><img decoding=\"async\" class=\"scale-with-grid\" src=\"\" fetchpriority=\"high\" alt=\"\" title=\"\" width=\"\" height=\"\" style=\"\"\/><\/div><\/div>\n<\/p>\n<hr class=\"no_line\" style=\"margin: 0 auto 0px auto\"\/>\n\n<h4>Impegno<\/h4>\n<p>center<br \/>\n#f3efec<br \/>\nno-repeat;center top;;<br \/>\nauto<br \/>\n70px 0px 55px<br \/>\nborder-top: 4px solid #48487F; border-bottom: 4px solid #48487F;<\/p>\n<p>Box<br \/>\n<div class=\"image_frame image_item no_link scale-with-grid element_classes alignnone no_border mfn-img-box\" ><div class=\"image_wrapper\"><img decoding=\"async\" class=\"scale-with-grid\" src=\"\" fetchpriority=\"high\" alt=\"\" title=\"\" width=\"\" height=\"\" style=\"\"\/><\/div><\/div>\n<\/p>\n<hr class=\"no_line\" style=\"margin: 0 auto 0px auto\"\/>\n\n<h4>Accoglienza<\/h4>\n<p>center<br \/>\n#f3efec<br \/>\nno-repeat;center top;;<br \/>\nauto<br \/>\n70px 0px 55px<br \/>\nborder-top: 4px solid #48487F; border-bottom: 4px solid #48487F;<\/p>\n<p>Heading<\/p>\n<h3>Testimonianze<\/h3>\n<hr class=\"no_line\" style=\"margin: 0 auto 0px auto\"\/>\n\n<div class=\"image_frame image_item no_link scale-with-grid element_classes alignnone no_border mfn-img-box\" ><div class=\"image_wrapper\"><img decoding=\"async\" class=\"scale-with-grid\" src=\"\" fetchpriority=\"high\" alt=\"\" title=\"\" width=\"\" height=\"\" style=\"\"\/><\/div><\/div>\n\n<hr class=\"no_line\" style=\"margin: 0 auto 0px auto\"\/>\n\n<p>Il Salone di Andrea Viglietti Parrucchieri ama offrire alla sua clientela una cura dell\\&#8217;aspetto estetico a 360\u00b0 si pu\u00f2 dire dai capelli ai piedi, grazie alla presenza di uno staff esperto in trattamenti di bellezza come hair-style ed estetiste.<br \/>\ncenter<br \/>\nno-repeat;center top;;<br \/>\nauto<\/p>\n<p>date<br \/>\nDESC<br \/>\nsingle-photo<\/p>\n<p>Heading<\/p>\n<h3>I nostri sevizi<\/h3>\n<hr class=\"no_line\" style=\"margin: 0 auto 0px auto\"\/>\n\n<div class=\"image_frame image_item no_link scale-with-grid element_classes alignnone no_border mfn-img-box\" ><div class=\"image_wrapper\"><img decoding=\"async\" class=\"scale-with-grid\" src=\"\" fetchpriority=\"high\" alt=\"\" title=\"\" width=\"\" height=\"\" style=\"\"\/><\/div><\/div>\n\n<hr class=\"no_line\" style=\"margin: 0 auto 0px auto\"\/>\n\n<p><a href=\"https:\/\/vogueiparrucchieri.it\/servizi\/\">Tutti i servizi<\/a><br \/>\ncenter<br \/>\nno-repeat;center top;;<br \/>\nauto<\/p>\n<p>3<br \/>\ngrid<br \/>\n3<br \/>\ndate<br \/>\nASC<\/p>\n<p>Fissa un Appuntamento<br \/>\nicon-mobile<br \/>\nPrendersi cura di s\u00e8 aiuta a stare bene con se stessi in quanto Andrea Viglietti Parrucchieri aiuta le sue clienti a raggiungere i propri sogni realizzando per le stesse l\\&#8217;impossibile, coccolando ognuna con trattamenti personalizzati.<br \/>\n<a href=\"tel:00390817645227\">tel:00390817645227<\/a><\/p>\n<p>Heading<\/p>\n<h3>Vedi la nostra galleria<\/h3>\n<hr class=\"no_line\" style=\"margin: 0 auto 0px auto\"\/>\n\n<div class=\"image_frame image_item no_link scale-with-grid element_classes alignnone no_border mfn-img-box\" ><div class=\"image_wrapper\"><img decoding=\"async\" class=\"scale-with-grid\" src=\"\" fetchpriority=\"high\" alt=\"\" title=\"\" width=\"\" height=\"\" style=\"\"\/><\/div><\/div>\n\n<hr class=\"no_line\" style=\"margin: 0 auto 0px auto\"\/>\n\n<p><a href=\"https:\/\/vogueiparrucchieri.it\/galleria\/\">Galleria<\/a><br \/>\ncenter<br \/>\nno-repeat;center top;;<br \/>\nauto<\/p>\n<p><img decoding=\"async\" src=\"https:\/\/vogueiparrucchieri.it\/wp-content\/uploads\/2019\/09\/164.jpeg\" alt=\"Vogue i Parrucchieri\" \/><br \/>\ncenter<br \/>\n<a href=\"https:\/\/vogueiparrucchieri.it\/galleria\/\">\/galleria<\/a><\/p>\n<p><img decoding=\"async\" src=\"https:\/\/vogueiparrucchieri.it\/wp-content\/uploads\/2020\/11\/degrade5.jpg\" alt=\"degrade5\" \/><br \/>\ncenter<br \/>\n<a href=\"https:\/\/vogueiparrucchieri.it\/galleria\/\">\/galleria<\/a><\/p>\n<p><img decoding=\"async\" src=\"https:\/\/vogueiparrucchieri.it\/wp-content\/uploads\/2019\/09\/Vogue-i-Parrucchieri.jpg\" alt=\"Vogue-i-Parrucchieri\" \/><br \/>\ncenter<br \/>\n<a href=\"https:\/\/vogueiparrucchieri.it\/galleria\/\">\/galleria<\/a><\/p>\n","protected":false},"excerpt":{"rendered":"<p>Andrea Viglietti Parrucchieri center no-repeat;left top;; auto fadeInLeft center Box Andrea Viglietti Parrucchieri Il salone di parrucchiere di Andrea Viglietti Parrucchieri si caratterizza per offrire alla<span class=\"excerpt-hellip\"> [\u2026]<\/span><\/p>\n","protected":false},"author":1,"featured_media":0,"parent":0,"menu_order":0,"comment_status":"closed","ping_status":"closed","template":"","meta":{"footnotes":""},"class_list":["post-3054","page","type-page","status-publish","hentry"],"yoast_head":"<!-- This site is optimized with the Yoast SEO plugin v27.3 - https:\/\/yoast.com\/product\/yoast-seo-wordpress\/ -->\n<title>Andrea Viglietti Parrucchieri - Salone Di Bellezza Napoli<\/title>\n<meta name=\"description\" content=\"Salone Di Bellezza Napoli - Il salone di parrucchiere di Vogue i Parrucchieri CDJ si caratterizza per offrire alla propria clientela un ...\" \/>\n<meta name=\"robots\" content=\"index, follow, max-snippet:-1, max-image-preview:large, max-video-preview:-1\" \/>\n<link rel=\"canonical\" href=\"https:\/\/vogueiparrucchieri.it\/en\/\" \/>\n<meta property=\"og:locale\" content=\"en_US\" \/>\n<meta property=\"og:type\" content=\"article\" \/>\n<meta property=\"og:title\" content=\"Andrea Viglietti Parrucchieri - Salone Di Bellezza Napoli\" \/>\n<meta property=\"og:description\" content=\"Salone Di Bellezza Napoli - Il salone di parrucchiere di Vogue i Parrucchieri CDJ si caratterizza per offrire alla propria clientela un ...\" \/>\n<meta property=\"og:url\" content=\"https:\/\/vogueiparrucchieri.it\/en\/\" \/>\n<meta property=\"og:site_name\" content=\"Andrea Viglietti Parrucchieri\" \/>\n<meta property=\"article:publisher\" content=\"https:\/\/www.facebook.com\/voguemarkett\/\" \/>\n<meta property=\"og:image\" content=\"https:\/\/vogueiparrucchieri.it\/wp-content\/uploads\/revslider\/barber2\/home_barber2_slider_sep.png\" \/>\n<meta name=\"twitter:card\" content=\"summary_large_image\" \/>\n<script type=\"application\/ld+json\" class=\"yoast-schema-graph\">{\"@context\":\"https:\\\/\\\/schema.org\",\"@graph\":[{\"@type\":\"WebPage\",\"@id\":\"https:\\\/\\\/vogueiparrucchieri.it\\\/en\\\/\",\"url\":\"https:\\\/\\\/vogueiparrucchieri.it\\\/en\\\/\",\"name\":\"Andrea Viglietti Parrucchieri - Salone Di Bellezza Napoli\",\"isPartOf\":{\"@id\":\"https:\\\/\\\/vogueiparrucchieri.it\\\/#website\"},\"primaryImageOfPage\":{\"@id\":\"https:\\\/\\\/vogueiparrucchieri.it\\\/en\\\/#primaryimage\"},\"image\":{\"@id\":\"https:\\\/\\\/vogueiparrucchieri.it\\\/en\\\/#primaryimage\"},\"thumbnailUrl\":\"https:\\\/\\\/vogueiparrucchieri.it\\\/wp-content\\\/uploads\\\/revslider\\\/barber2\\\/home_barber2_slider_sep.png\",\"datePublished\":\"2025-11-06T12:58:05+00:00\",\"description\":\"Salone Di Bellezza Napoli - Il salone di parrucchiere di Vogue i Parrucchieri CDJ si caratterizza per offrire alla propria clientela un ...\",\"breadcrumb\":{\"@id\":\"https:\\\/\\\/vogueiparrucchieri.it\\\/en\\\/#breadcrumb\"},\"inLanguage\":\"en-US\",\"potentialAction\":[{\"@type\":\"ReadAction\",\"target\":[\"https:\\\/\\\/vogueiparrucchieri.it\\\/en\\\/\"]}]},{\"@type\":\"ImageObject\",\"inLanguage\":\"en-US\",\"@id\":\"https:\\\/\\\/vogueiparrucchieri.it\\\/en\\\/#primaryimage\",\"url\":\"https:\\\/\\\/vogueiparrucchieri.it\\\/wp-content\\\/uploads\\\/revslider\\\/barber2\\\/home_barber2_slider_sep.png\",\"contentUrl\":\"https:\\\/\\\/vogueiparrucchieri.it\\\/wp-content\\\/uploads\\\/revslider\\\/barber2\\\/home_barber2_slider_sep.png\"},{\"@type\":\"BreadcrumbList\",\"@id\":\"https:\\\/\\\/vogueiparrucchieri.it\\\/en\\\/#breadcrumb\",\"itemListElement\":[{\"@type\":\"ListItem\",\"position\":1,\"name\":\"Home\",\"item\":\"https:\\\/\\\/vogueiparrucchieri.it\\\/en\\\/\"},{\"@type\":\"ListItem\",\"position\":2,\"name\":\"Home\"}]},{\"@type\":\"WebSite\",\"@id\":\"https:\\\/\\\/vogueiparrucchieri.it\\\/#website\",\"url\":\"https:\\\/\\\/vogueiparrucchieri.it\\\/\",\"name\":\"Andrea Viglietti Parrucchieri\",\"description\":\"Napoli\",\"publisher\":{\"@id\":\"https:\\\/\\\/vogueiparrucchieri.it\\\/#organization\"},\"alternateName\":\"Andrea Viglietti Parrucchieri\",\"potentialAction\":[{\"@type\":\"SearchAction\",\"target\":{\"@type\":\"EntryPoint\",\"urlTemplate\":\"https:\\\/\\\/vogueiparrucchieri.it\\\/?s={search_term_string}\"},\"query-input\":{\"@type\":\"PropertyValueSpecification\",\"valueRequired\":true,\"valueName\":\"search_term_string\"}}],\"inLanguage\":\"en-US\"},{\"@type\":\"Organization\",\"@id\":\"https:\\\/\\\/vogueiparrucchieri.it\\\/#organization\",\"name\":\"Andrea Viglietti Parrucchieri\",\"alternateName\":\"Andrea Viglietti Parrucchieri\",\"url\":\"https:\\\/\\\/vogueiparrucchieri.it\\\/\",\"logo\":{\"@type\":\"ImageObject\",\"inLanguage\":\"en-US\",\"@id\":\"https:\\\/\\\/vogueiparrucchieri.it\\\/#\\\/schema\\\/logo\\\/image\\\/\",\"url\":\"https:\\\/\\\/vogueiparrucchieri.it\\\/wp-content\\\/uploads\\\/2025\\\/11\\\/logo-vo.png\",\"contentUrl\":\"https:\\\/\\\/vogueiparrucchieri.it\\\/wp-content\\\/uploads\\\/2025\\\/11\\\/logo-vo.png\",\"width\":200,\"height\":154,\"caption\":\"Andrea Viglietti Parrucchieri\"},\"image\":{\"@id\":\"https:\\\/\\\/vogueiparrucchieri.it\\\/#\\\/schema\\\/logo\\\/image\\\/\"},\"sameAs\":[\"https:\\\/\\\/www.facebook.com\\\/voguemarkett\\\/\"]}]}<\/script>\n<!-- \/ Yoast SEO plugin. -->","yoast_head_json":{"title":"Andrea Viglietti Parrucchieri - Salone Di Bellezza Napoli","description":"Salone Di Bellezza Napoli - Il salone di parrucchiere di Vogue i Parrucchieri CDJ si caratterizza per offrire alla propria clientela un ...","robots":{"index":"index","follow":"follow","max-snippet":"max-snippet:-1","max-image-preview":"max-image-preview:large","max-video-preview":"max-video-preview:-1"},"canonical":"https:\/\/vogueiparrucchieri.it\/en\/","og_locale":"en_US","og_type":"article","og_title":"Andrea Viglietti Parrucchieri - Salone Di Bellezza Napoli","og_description":"Salone Di Bellezza Napoli - Il salone di parrucchiere di Vogue i Parrucchieri CDJ si caratterizza per offrire alla propria clientela un ...","og_url":"https:\/\/vogueiparrucchieri.it\/en\/","og_site_name":"Andrea Viglietti Parrucchieri","article_publisher":"https:\/\/www.facebook.com\/voguemarkett\/","og_image":[{"url":"https:\/\/vogueiparrucchieri.it\/wp-content\/uploads\/revslider\/barber2\/home_barber2_slider_sep.png","type":"","width":"","height":""}],"twitter_card":"summary_large_image","schema":{"@context":"https:\/\/schema.org","@graph":[{"@type":"WebPage","@id":"https:\/\/vogueiparrucchieri.it\/en\/","url":"https:\/\/vogueiparrucchieri.it\/en\/","name":"Andrea Viglietti Parrucchieri - Salone Di Bellezza Napoli","isPartOf":{"@id":"https:\/\/vogueiparrucchieri.it\/#website"},"primaryImageOfPage":{"@id":"https:\/\/vogueiparrucchieri.it\/en\/#primaryimage"},"image":{"@id":"https:\/\/vogueiparrucchieri.it\/en\/#primaryimage"},"thumbnailUrl":"https:\/\/vogueiparrucchieri.it\/wp-content\/uploads\/revslider\/barber2\/home_barber2_slider_sep.png","datePublished":"2025-11-06T12:58:05+00:00","description":"Salone Di Bellezza Napoli - Il salone di parrucchiere di Vogue i Parrucchieri CDJ si caratterizza per offrire alla propria clientela un ...","breadcrumb":{"@id":"https:\/\/vogueiparrucchieri.it\/en\/#breadcrumb"},"inLanguage":"en-US","potentialAction":[{"@type":"ReadAction","target":["https:\/\/vogueiparrucchieri.it\/en\/"]}]},{"@type":"ImageObject","inLanguage":"en-US","@id":"https:\/\/vogueiparrucchieri.it\/en\/#primaryimage","url":"https:\/\/vogueiparrucchieri.it\/wp-content\/uploads\/revslider\/barber2\/home_barber2_slider_sep.png","contentUrl":"https:\/\/vogueiparrucchieri.it\/wp-content\/uploads\/revslider\/barber2\/home_barber2_slider_sep.png"},{"@type":"BreadcrumbList","@id":"https:\/\/vogueiparrucchieri.it\/en\/#breadcrumb","itemListElement":[{"@type":"ListItem","position":1,"name":"Home","item":"https:\/\/vogueiparrucchieri.it\/en\/"},{"@type":"ListItem","position":2,"name":"Home"}]},{"@type":"WebSite","@id":"https:\/\/vogueiparrucchieri.it\/#website","url":"https:\/\/vogueiparrucchieri.it\/","name":"Andrea Viglietti Parrucchieri","description":"Napoli","publisher":{"@id":"https:\/\/vogueiparrucchieri.it\/#organization"},"alternateName":"Andrea Viglietti Parrucchieri","potentialAction":[{"@type":"SearchAction","target":{"@type":"EntryPoint","urlTemplate":"https:\/\/vogueiparrucchieri.it\/?s={search_term_string}"},"query-input":{"@type":"PropertyValueSpecification","valueRequired":true,"valueName":"search_term_string"}}],"inLanguage":"en-US"},{"@type":"Organization","@id":"https:\/\/vogueiparrucchieri.it\/#organization","name":"Andrea Viglietti Parrucchieri","alternateName":"Andrea Viglietti Parrucchieri","url":"https:\/\/vogueiparrucchieri.it\/","logo":{"@type":"ImageObject","inLanguage":"en-US","@id":"https:\/\/vogueiparrucchieri.it\/#\/schema\/logo\/image\/","url":"https:\/\/vogueiparrucchieri.it\/wp-content\/uploads\/2025\/11\/logo-vo.png","contentUrl":"https:\/\/vogueiparrucchieri.it\/wp-content\/uploads\/2025\/11\/logo-vo.png","width":200,"height":154,"caption":"Andrea Viglietti Parrucchieri"},"image":{"@id":"https:\/\/vogueiparrucchieri.it\/#\/schema\/logo\/image\/"},"sameAs":["https:\/\/www.facebook.com\/voguemarkett\/"]}]}},"_links":{"self":[{"href":"https:\/\/vogueiparrucchieri.it\/en\/wp-json\/wp\/v2\/pages\/3054","targetHints":{"allow":["GET"]}}],"collection":[{"href":"https:\/\/vogueiparrucchieri.it\/en\/wp-json\/wp\/v2\/pages"}],"about":[{"href":"https:\/\/vogueiparrucchieri.it\/en\/wp-json\/wp\/v2\/types\/page"}],"author":[{"embeddable":true,"href":"https:\/\/vogueiparrucchieri.it\/en\/wp-json\/wp\/v2\/users\/1"}],"replies":[{"embeddable":true,"href":"https:\/\/vogueiparrucchieri.it\/en\/wp-json\/wp\/v2\/comments?post=3054"}],"version-history":[{"count":0,"href":"https:\/\/vogueiparrucchieri.it\/en\/wp-json\/wp\/v2\/pages\/3054\/revisions"}],"wp:attachment":[{"href":"https:\/\/vogueiparrucchieri.it\/en\/wp-json\/wp\/v2\/media?parent=3054"}],"curies":[{"name":"wp","href":"https:\/\/api.w.org\/{rel}","templated":true}]}}